{"id":4424,"date":"2022-03-08T14:20:59","date_gmt":"2022-03-08T13:20:59","guid":{"rendered":"http:\/\/szybmaciej.kompleks-ludwik.pl\/?page_id=4424"},"modified":"2022-09-23T14:02:40","modified_gmt":"2022-09-23T12:02:40","slug":"team","status":"publish","type":"page","link":"https:\/\/szybmaciej.stronaklienta.pro\/de\/restaurant\/team\/","title":{"rendered":"Zesp\u00f3\u0142"},"content":{"rendered":"\n<div class=\"wp-block-ugb-container ugb-container ugb-d330444 ugb-container--v2 ugb-container--design-plain ugb-main-block\"><style>@media screen and (min-width:768px){.ugb-d330444.ugb-container{margin-bottom:0px !important;padding-bottom:0px !important}}<\/style><div class=\"ugb-inner-block\"><div class=\"ugb-block-content\"><div class=\"ugb-container__wrapper ugb-d330444-wrapper\"><div class=\"ugb-container__side\"><div class=\"ugb-container__content-wrapper ugb-d330444-content-wrapper\">\n<div class=\"wp-block-stackable-heading stk-block-heading stk-block stk-bebb1ce\" data-block-id=\"bebb1ce\"><style>.stk-bebb1ce{padding-top:0px !important;padding-right:0px !important;padding-bottom:0px !important;padding-left:0px !important;margin-top:0px !important;margin-bottom:20px !important}<\/style><h1 class=\"stk-block-heading__text has-text-align-center\">Team<\/h1><\/div>\n\n\n\n<div class=\"wp-block-stackable-text stk-block-text stk-block stk-ab70fac\" data-block-id=\"ab70fac\"><style>.stk-ab70fac .stk-block-text__text{font-size:18px !important;color:var(--paletteColor2,#666666) !important;line-height:1.3em !important}@media screen and (max-width:1023px){.stk-ab70fac .stk-block-text__text{font-size:18px !important}}<\/style><p class=\"stk-block-text__text has-text-color has-palette-color-2-color\">Das Catering-Team wird von <strong>K\u00fcchenchef Dominik Wi\u0119cek<\/strong> und Restaurant- <strong>und Bistroleiterin Justyna Czele\u0144<\/strong> geleitet. Unser Team besteht aus Fachleuten, die die M\u00f6glichkeit hatten, ihre F\u00e4higkeiten weiterzuentwickeln und sowohl auf lokaler als auch auf internationaler Ebene Kenntnisse zu erwerben. Das Verwaltungs- und Managementteam wird durch den Service der Kellner erg\u00e4nzt, die sich mit einem L\u00e4cheln und Erfahrung um jeden Gast k\u00fcmmern. Die Erfahrung und das Wissen, das wir uns im Laufe der Jahre angeeignet haben, erm\u00f6glichen es unserem Service, sich um jedes Detail zu k\u00fcmmern und so auch die anspruchsvollsten G\u00e4ste zufrieden zu stellen. Der Leitgedanke unserer Dienstleistung ist die so genannte &#8222;l\u00e4ssige Eleganz&#8220;, die sich auf Schritt und Tritt bemerkbar macht.<\/p><\/div>\n<\/div><\/div><\/div><\/div><\/div><\/div>\n\n\n\n<div class=\"wp-block-ugb-container ugb-container ugb-a84a748 ugb-container--v2 ugb-container--design-plain ugb-main-block\"><style>@media screen and (min-width:768px){.ugb-a84a748 > .ugb-inner-block > .ugb-block-content > *{padding-top:0px !important;padding-bottom:0px !important;padding-right:0px !important;padding-left:0px !important}}<\/style><div class=\"ugb-inner-block\"><div class=\"ugb-block-content\"><div class=\"ugb-container__wrapper ugb-a84a748-wrapper\"><div class=\"ugb-container__side\"><div class=\"ugb-container__content-wrapper ugb-a84a748-content-wrapper\">\n<div class=\"wp-block-ugb-columns ugb-columns ugb-f552b25 ugb-columns--design-plain ugb-columns--columns-3 ugb-main-block\"><style>@media screen and (min-width:768px){.ugb-f552b25.ugb-columns{margin-top:0px !important;margin-bottom:0px !important;margin-right:0px !important;margin-left:0px !important;padding-top:0px !important;padding-right:0px !important;padding-bottom:0px !important;padding-left:0px !important}}<\/style><div class=\"ugb-inner-block\"><div class=\"ugb-block-content\"><div class=\"ugb-columns__item ugb-f552b25-content-wrapper\">\n<div class=\"wp-block-ugb-column ugb-column ugb-30158ef ugb-column--design-plain ugb-main-block\"><style>@media screen and (min-width:768px){.ugb-30158ef > .ugb-inner-block > .ugb-block-content > *{padding-top:10px !important;padding-bottom:10px !important;padding-right:20px !important;padding-left:10px !important}}<\/style><div class=\"ugb-inner-block\"><div class=\"ugb-block-content\"><div class=\"ugb-column__item ugb-30158ef-column-wrapper\"><div class=\"ugb-column__content-wrapper\">\n<div class=\"wp-block-stackable-image stk-block-image stk-block stk-d8f653c\" data-block-id=\"d8f653c\"><figure class=\"stk-img-wrapper stk-image--shape-stretch\"><img decoding=\"async\" loading=\"lazy\" class=\"stk-img wp-image-3655\" src=\"https:\/\/szybmaciej.stronaklienta.pro\/wp-content\/uploads\/2022\/03\/temp-osoba.jpg\" width=\"293\" height=\"354\" srcset=\"https:\/\/szybmaciej.stronaklienta.pro\/wp-content\/uploads\/2022\/03\/temp-osoba.jpg 293w, https:\/\/szybmaciej.stronaklienta.pro\/wp-content\/uploads\/2022\/03\/temp-osoba-248x300.jpg 248w\" sizes=\"(max-width: 293px) 100vw, 293px\" \/><\/figure><\/div>\n<\/div><\/div><\/div><\/div><\/div>\n\n\n\n<div class=\"wp-block-ugb-column ugb-column ugb-cf84bc3 ugb-column--design-plain ugb-main-block\"><style>@media screen and (min-width:768px){.ugb-cf84bc3 > .ugb-inner-block > .ugb-block-content > *{padding-top:10px !important;padding-bottom:10px !important;padding-right:20px !important;padding-left:10px !important}}<\/style><div class=\"ugb-inner-block\"><div class=\"ugb-block-content\"><div class=\"ugb-column__item ugb-cf84bc3-column-wrapper\"><div class=\"ugb-column__content-wrapper\">\n<div class=\"wp-block-stackable-image stk-block-image stk-block stk-d6d73ae\" data-block-id=\"d6d73ae\"><figure class=\"stk-img-wrapper stk-image--shape-stretch\"><img decoding=\"async\" loading=\"lazy\" class=\"stk-img wp-image-3741\" src=\"https:\/\/szybmaciej.stronaklienta.pro\/wp-content\/uploads\/2022\/03\/R5_20139.jpg\" width=\"876\" height=\"1059\" srcset=\"https:\/\/szybmaciej.stronaklienta.pro\/wp-content\/uploads\/2022\/03\/R5_20139.jpg 876w, https:\/\/szybmaciej.stronaklienta.pro\/wp-content\/uploads\/2022\/03\/R5_20139-248x300.jpg 248w, https:\/\/szybmaciej.stronaklienta.pro\/wp-content\/uploads\/2022\/03\/R5_20139-847x1024.jpg 847w, https:\/\/szybmaciej.stronaklienta.pro\/wp-content\/uploads\/2022\/03\/R5_20139-768x928.jpg 768w, https:\/\/szybmaciej.stronaklienta.pro\/wp-content\/uploads\/2022\/03\/R5_20139-600x725.jpg 600w\" sizes=\"(max-width: 876px) 100vw, 876px\" \/><\/figure><\/div>\n<\/div><\/div><\/div><\/div><\/div>\n\n\n\n<div class=\"wp-block-ugb-column ugb-column ugb-e57d44d ugb-column--design-plain ugb-main-block\"><style>@media screen and (min-width:768px){.ugb-e57d44d > .ugb-inner-block > .ugb-block-content > *{padding-top:10px !important;padding-bottom:10px !important;padding-right:10px !important;padding-left:20px !important}}<\/style><div class=\"ugb-inner-block\"><div class=\"ugb-block-content\"><div class=\"ugb-column__item ugb-e57d44d-column-wrapper\"><div class=\"ugb-column__content-wrapper\">\n<div class=\"wp-block-stackable-image stk-block-image stk-block stk-3ac610c\" data-block-id=\"3ac610c\"><figure class=\"stk-img-wrapper stk-image--shape-stretch\"><img decoding=\"async\" loading=\"lazy\" class=\"stk-img wp-image-3743\" src=\"https:\/\/szybmaciej.stronaklienta.pro\/wp-content\/uploads\/2022\/03\/R5_20081.jpg\" width=\"876\" height=\"1059\" srcset=\"https:\/\/szybmaciej.stronaklienta.pro\/wp-content\/uploads\/2022\/03\/R5_20081.jpg 876w, https:\/\/szybmaciej.stronaklienta.pro\/wp-content\/uploads\/2022\/03\/R5_20081-248x300.jpg 248w, https:\/\/szybmaciej.stronaklienta.pro\/wp-content\/uploads\/2022\/03\/R5_20081-847x1024.jpg 847w, https:\/\/szybmaciej.stronaklienta.pro\/wp-content\/uploads\/2022\/03\/R5_20081-768x928.jpg 768w, https:\/\/szybmaciej.stronaklienta.pro\/wp-content\/uploads\/2022\/03\/R5_20081-600x725.jpg 600w\" sizes=\"(max-width: 876px) 100vw, 876px\" \/><\/figure><\/div>\n<\/div><\/div><\/div><\/div><\/div>\n<\/div><\/div><\/div><\/div>\n<\/div><\/div><\/div><\/div><\/div><\/div>\n\n\n\n<div class=\"wp-block-ugb-container ugb-container ugb-f7c2778 ugb-container--v2 ugb-container--design-plain ugb-main-block\"><style>@media screen and (min-width:768px){.ugb-f7c2778.ugb-container{padding-top:0px !important;padding-right:0px !important;padding-bottom:0px !important;padding-left:0px !important}}<\/style><div class=\"ugb-inner-block\"><div class=\"ugb-block-content\"><div class=\"ugb-container__wrapper ugb-f7c2778-wrapper\"><div class=\"ugb-container__side\"><div class=\"ugb-container__content-wrapper ugb-f7c2778-content-wrapper\">\n<div class=\"wp-block-stackable-image stk-block-image stk-block stk-3838547\" data-block-id=\"3838547\"><figure class=\"stk-img-wrapper stk-image--shape-stretch\"><img decoding=\"async\" loading=\"lazy\" class=\"stk-img wp-image-3747\" src=\"https:\/\/szybmaciej.stronaklienta.pro\/wp-content\/uploads\/2022\/03\/Mask-Group-70.jpg\" width=\"2061\" height=\"1056\" srcset=\"https:\/\/szybmaciej.stronaklienta.pro\/wp-content\/uploads\/2022\/03\/Mask-Group-70.jpg 2061w, https:\/\/szybmaciej.stronaklienta.pro\/wp-content\/uploads\/2022\/03\/Mask-Group-70-300x154.jpg 300w, https:\/\/szybmaciej.stronaklienta.pro\/wp-content\/uploads\/2022\/03\/Mask-Group-70-1024x525.jpg 1024w, https:\/\/szybmaciej.stronaklienta.pro\/wp-content\/uploads\/2022\/03\/Mask-Group-70-768x394.jpg 768w, https:\/\/szybmaciej.stronaklienta.pro\/wp-content\/uploads\/2022\/03\/Mask-Group-70-1536x787.jpg 1536w, https:\/\/szybmaciej.stronaklienta.pro\/wp-content\/uploads\/2022\/03\/Mask-Group-70-2048x1049.jpg 2048w, https:\/\/szybmaciej.stronaklienta.pro\/wp-content\/uploads\/2022\/03\/Mask-Group-70-600x307.jpg 600w\" sizes=\"(max-width: 2061px) 100vw, 2061px\" \/><\/figure><\/div>\n<\/div><\/div><\/div><\/div><\/div><\/div>\n\n\n\n<div class=\"wp-block-ugb-container ugb-container ugb-57a6128 ugb-container--v2 ugb-container--design-plain ugb-main-block\"><style>@media screen and (min-width:768px){.ugb-57a6128.ugb-container{padding-top:0px !important;padding-right:0px !important;padding-bottom:50px !important;padding-left:0px !important}}@media screen and (min-width:768px){.ugb-57a6128 > .ugb-inner-block > .ugb-block-content > *{padding-top:0px !important;padding-bottom:0px !important;padding-right:0px !important;padding-left:0px !important}}<\/style><div class=\"ugb-inner-block\"><div class=\"ugb-block-content\"><div class=\"ugb-container__wrapper ugb-57a6128-wrapper\"><div class=\"ugb-container__side\"><div class=\"ugb-container__content-wrapper ugb-57a6128-content-wrapper\">\n<div class=\"wp-block-stackable-text stk-block-text stk-block stk-6eda0b3\" data-block-id=\"6eda0b3\"><style>.stk-6eda0b3 .stk-block-text__text{line-height:1.3em !important}<\/style><p class=\"stk-block-text__text\">Die Komplementarit\u00e4t von Kenntnissen und F\u00e4higkeiten in Verbindung mit Leidenschaft, vielf\u00e4ltigen Inspirationen und dem st\u00e4ndigen Wunsch, sich weiterzuentwickeln, machen unser Team zum Herz und zur Seele des Restaurants. Durch die Zugabe von polnischen Produkten, die direkt von lokalen Lieferanten bezogen werden, haben wir ein Men\u00fc geschaffen, das eine Kombination aus Geschmack, Fantasie und vielen kulinarischen Techniken darstellt. Unser Hauptpfeiler ist die Regionalit\u00e4t, kurz gesagt: Fusion auf schlesische Art, was dazu gef\u00fchrt hat, dass wir uns dem Kulinarischen Pfad der schlesischen Aromen angeschlossen haben und unser ala-carte-Angebot durch ein eigenes, von Schlesien inspiriertes Men\u00fc erg\u00e4nzen.<\/p><\/div>\n<\/div><\/div><\/div><\/div><\/div><\/div>\n\n\n\n<div class=\"wp-block-ugb-container ugb-container ugb-c9326f2 ugb-container--v2 ugb-container--design-plain ugb-main-block\"><style>@media screen and (min-width:768px){.ugb-c9326f2.ugb-container{margin-top:0px !important;padding-top:0px !important;padding-right:0px !important;padding-bottom:0px !important;padding-left:0px !important}}@media screen and (min-width:768px){.ugb-c9326f2 > .ugb-inner-block > .ugb-block-content > *{padding-top:0px !important}}<\/style><div class=\"ugb-inner-block\"><div class=\"ugb-block-content\"><div class=\"ugb-container__wrapper ugb-c9326f2-wrapper\"><div class=\"ugb-container__side\"><div class=\"ugb-container__content-wrapper ugb-c9326f2-content-wrapper\">\n<div class=\"wp-block-stackable-image stk-block-image stk-block stk-3139107\" data-block-id=\"3139107\"><style>.stk-3139107{padding-top:0px !important;margin-top:0px !important}<\/style><figure class=\"stk-img-wrapper stk-image--shape-stretch\"><img decoding=\"async\" loading=\"lazy\" class=\"stk-img wp-image-3745\" src=\"http:\/\/szybmaciej.kompleks-ludwik.pl\/wp-content\/uploads\/2022\/03\/Mask-Group-119-scaled.jpg\" width=\"2560\" height=\"1273\" srcset=\"https:\/\/szybmaciej.stronaklienta.pro\/wp-content\/uploads\/2022\/03\/Mask-Group-119-scaled.jpg 2560w, https:\/\/szybmaciej.stronaklienta.pro\/wp-content\/uploads\/2022\/03\/Mask-Group-119-300x149.jpg 300w, https:\/\/szybmaciej.stronaklienta.pro\/wp-content\/uploads\/2022\/03\/Mask-Group-119-1024x509.jpg 1024w, https:\/\/szybmaciej.stronaklienta.pro\/wp-content\/uploads\/2022\/03\/Mask-Group-119-768x382.jpg 768w, https:\/\/szybmaciej.stronaklienta.pro\/wp-content\/uploads\/2022\/03\/Mask-Group-119-1536x764.jpg 1536w, https:\/\/szybmaciej.stronaklienta.pro\/wp-content\/uploads\/2022\/03\/Mask-Group-119-2048x1018.jpg 2048w, https:\/\/szybmaciej.stronaklienta.pro\/wp-content\/uploads\/2022\/03\/Mask-Group-119-600x298.jpg 600w\" sizes=\"(max-width: 2560px) 100vw, 2560px\" \/><\/figure><\/div>\n<\/div><\/div><\/div><\/div><\/div><\/div>\n","protected":false},"excerpt":{"rendered":"<p>Team Das Catering-Team wird von K\u00fcchenchef Dominik Wi\u0119cek und Restaurant- und Bistroleiterin Justyna Czele\u0144 geleitet. Unser Team besteht aus Fachleuten, die die M\u00f6glichkeit hatten, ihre F\u00e4higkeiten weiterzuentwickeln und sowohl auf lokaler als auch auf internationaler Ebene Kenntnisse zu erwerben. Das Verwaltungs- und Managementteam wird durch den Service der Kellner erg\u00e4nzt, die sich mit einem L\u00e4cheln und Erfahrung um jeden Gast k\u00fcmmern. Die Erfahrung und das Wissen, das wir uns im Laufe der Jahre angeeignet haben, erm\u00f6glichen es unserem Service, sich um jedes Detail zu k\u00fcmmern und so auch die anspruchsvollsten G\u00e4ste zufrieden zu stellen. Der Leitgedanke unserer Dienstleistung ist die\u2026<\/p>\n","protected":false},"author":1,"featured_media":0,"parent":4018,"menu_order":0,"comment_status":"closed","ping_status":"closed","template":"","meta":[],"blocksy_meta":{"styles_descriptor":{"styles":{"desktop":"","tablet":"","mobile":""},"google_fonts":[],"version":4}},"featured_image_urls":{"full":"","thumbnail":"","medium":"","medium_large":"","large":"","1536x1536":"","2048x2048":""},"post_excerpt_stackable":"<p>Team Das Catering-Team wird von K\u00fcchenchef Dominik Wi\u0119cek und Restaurant- und Bistroleiterin Justyna Czele\u0144 geleitet. Unser Team besteht aus Fachleuten, die die M\u00f6glichkeit hatten, ihre F\u00e4higkeiten weiterzuentwickeln und sowohl auf lokaler als auch auf internationaler Ebene Kenntnisse zu erwerben. Das Verwaltungs- und Managementteam wird durch den Service der Kellner erg\u00e4nzt, die sich mit einem L\u00e4cheln und Erfahrung um jeden Gast k\u00fcmmern. Die Erfahrung und das Wissen, das wir uns im Laufe der Jahre angeeignet haben, erm\u00f6glichen es unserem Service, sich um jedes Detail zu k\u00fcmmern und so auch die anspruchsvollsten G\u00e4ste zufrieden zu stellen. Der Leitgedanke unserer Dienstleistung ist die&hellip;<\/p>\n","category_list":"","author_info":{"name":"szybmaciej","url":"https:\/\/szybmaciej.stronaklienta.pro\/de\/author\/kopalnia\/"},"comments_num":"0 comments","featured_image_urls_v2":{"full":"","thumbnail":"","medium":"","medium_large":"","large":"","1536x1536":"","2048x2048":""},"post_excerpt_stackable_v2":"<p>Team Das Catering-Team wird von K\u00fcchenchef Dominik Wi\u0119cek und Restaurant- und Bistroleiterin Justyna Czele\u0144 geleitet. Unser Team besteht aus Fachleuten, die die M\u00f6glichkeit hatten, ihre F\u00e4higkeiten weiterzuentwickeln und sowohl auf lokaler als auch auf internationaler Ebene Kenntnisse zu erwerben. Das Verwaltungs- und Managementteam wird durch den Service der Kellner erg\u00e4nzt, die sich mit einem L\u00e4cheln und Erfahrung um jeden Gast k\u00fcmmern. Die Erfahrung und das Wissen, das wir uns im Laufe der Jahre angeeignet haben, erm\u00f6glichen es unserem Service, sich um jedes Detail zu k\u00fcmmern und so auch die anspruchsvollsten G\u00e4ste zufrieden zu stellen. Der Leitgedanke unserer Dienstleistung ist die&hellip;<\/p>\n","category_list_v2":"","author_info_v2":{"name":"szybmaciej","url":"https:\/\/szybmaciej.stronaklienta.pro\/de\/author\/kopalnia\/"},"comments_num_v2":"0 comments","_links":{"self":[{"href":"https:\/\/szybmaciej.stronaklienta.pro\/de\/wp-json\/wp\/v2\/pages\/4424"}],"collection":[{"href":"https:\/\/szybmaciej.stronaklienta.pro\/de\/wp-json\/wp\/v2\/pages"}],"about":[{"href":"https:\/\/szybmaciej.stronaklienta.pro\/de\/wp-json\/wp\/v2\/types\/page"}],"author":[{"embeddable":true,"href":"https:\/\/szybmaciej.stronaklienta.pro\/de\/wp-json\/wp\/v2\/users\/1"}],"replies":[{"embeddable":true,"href":"https:\/\/szybmaciej.stronaklienta.pro\/de\/wp-json\/wp\/v2\/comments?post=4424"}],"version-history":[{"count":0,"href":"https:\/\/szybmaciej.stronaklienta.pro\/de\/wp-json\/wp\/v2\/pages\/4424\/revisions"}],"up":[{"embeddable":true,"href":"https:\/\/szybmaciej.stronaklienta.pro\/de\/wp-json\/wp\/v2\/pages\/4018"}],"wp:attachment":[{"href":"https:\/\/szybmaciej.stronaklienta.pro\/de\/wp-json\/wp\/v2\/media?parent=4424"}],"curies":[{"name":"wp","href":"https:\/\/api.w.org\/{rel}","templated":true}]}}